{"id":2,"date":"2019-05-08T01:38:14","date_gmt":"2019-05-08T01:38:14","guid":{"rendered":"http:\/\/wpvalmar.wpengine.com\/?page_id=2"},"modified":"2025-03-12T15:55:55","modified_gmt":"2025-03-12T15:55:55","slug":"sample-page","status":"publish","type":"page","link":"https:\/\/val-mar.com\/en\/","title":{"rendered":"Home"},"content":{"rendered":"<h1>Testing display of HTML elements<\/h1>\n<h2>This is 2nd level heading<\/h2>\n<p>This is a test paragraph.<\/p>\n<h3>This is 3rd level heading<\/h3>\n<p>This is a test paragraph.<\/p>\n<h4>This is 4th level heading<\/h4>\n<p>This is a test paragraph.<\/p>\n<h5>This is 5th level heading<\/h5>\n<p>This is a test paragraph.<\/p>\n<h6>This is 6th level heading<\/h6>\n<p>This is a test paragraph.<\/p>\n<h2>Basic block level elements<\/h2>\n<p>This is a normal paragraph (<code>p<\/code> element). To add some length to it, let us mention that this page was primarily written for testing the effect of <strong>user style sheets<\/strong>. You can use it for various other purposes as well, like just checking how your browser displays various HTML elements by default. It can also be useful when testing conversions from HTML format to other formats, since some elements can go wrong then.<\/p>\n<p>This is another paragraph. I think it needs to be added that the set of elements tested is not exhaustive in any sense. I have selected those elements for which it can make sense to write user style sheet rules, in my opionion.<\/p>\n<div>This is a <code>div<\/code> element. Authors may use such elements instead of paragraph markup for various reasons. (End of <code>div<\/code>.)<\/div>\n<blockquote><p>This is a block quotation containing a single paragraph. Well, not quite, since this is not <em>really<\/em> quoted text, but I hope you understand the point. After all, this page does not use HTML markup very normally anyway.<\/p><\/blockquote>\n<p>The following contains address information about the author, in an <code>address<\/code> element.<\/p>\n<address><a lang=\"fi\" href=\"..\/personal.html\" hreflang=\"en\">Jukka Korpela<\/a>, <a href=\"mailto:jkorpela@cs.tut.fi\">jkorpela@cs.tut.fi<\/a><br \/>\nP\u00e4iv\u00e4ns\u00e4teenkuja 4 A, Espoo, Finland<\/address>\n<h2>Lists<\/h2>\n<p>This is a paragraph before an <strong>unnumbered<\/strong> list (<code>ul<\/code>). Note that the spacing between a paragraph and a list before or after that is hard to tune in a user style sheet. You can&#8217;t guess which paragraphs are logically related to a list, e.g. as a &#8220;list header&#8221;.<\/p>\n<ul>\n<li>One.<\/li>\n<li>Two.<\/li>\n<li>Three. Well, probably this list item should be longer. Note that for short items lists look better if they are compactly presented, whereas for long items, it would be better to have more vertical spacing between items.<\/li>\n<li>Four. This is the last item in this list. Let us terminate the list now without making any more fuss about it.<\/li>\n<\/ul>\n<p>The following is a <code>menu<\/code> list:<\/p>\n<menu>\n<li>One.<\/li>\n<li>Two.<\/li>\n<li>Three. Well, probably this list item should be longer so that it will probably wrap to the next line in rendering.<\/li>\n<\/menu>\n<p>The following is a <code>dir<\/code> list:<\/p>\n<p>&nbsp;<\/p>\n<ul>\n<li>One.<\/li>\n<li>Two.<\/li>\n<li>Three. Well, probably this list item should be longer so that it will probably wrap to the next line in rendering.<\/li>\n<\/ul>\n<p>&nbsp;<\/p>\n<p>This is a paragraph before a <strong>numbered<\/strong> list (<code>ol<\/code>). Note that the spacing between a paragraph and a list before or after that is hard to tune in a user style sheet. You can&#8217;t guess which paragraphs are logically related to a list, e.g. as a &#8220;list header&#8221;.<\/p>\n<ol>\n<li>One.<\/li>\n<li>Two.<\/li>\n<li>Three. Well, probably this list item should be longer. Note that if items are short, lists look better if they are compactly presented, whereas for long items, it would be better to have more vertical spacing between items.<\/li>\n<li>Four. This is the last item in this list. Let us terminate the list now without making any more fuss about it.<\/li>\n<\/ol>\n<p>This is a paragraph before a <strong>definition<\/strong> list (<code>dl<\/code>). In principle, such a list should consist of <em>terms<\/em> and associated definitions. But many authors use <code>dl<\/code> elements for fancy &#8220;layout&#8221; things. Usually the effect is not <em>too<\/em> bad, if you design user style sheet rules for <code>dl<\/code> which are suitable for real definition lists.<\/p>\n<dl>\n<dt>recursion<\/dt>\n<dd>see recursion<\/dd>\n<dt>recursion, indirect<\/dt>\n<dd>see indirect recursion<\/dd>\n<dt>indirect recursion<\/dt>\n<dd>see recursion, indirect<\/dd>\n<dt>term<\/dt>\n<dd>a word or other expression taken into specific use in a well-defined meaning, which is often defined rather rigorously, even formally, and may differ quite a lot from an everyday meaning<\/dd>\n<\/dl>\n<h2>Links<\/h2>\n<p><a href=\"#\">basic link<\/a><br \/>\n<a class=\"btn\" href=\"#\">basic link button<\/a><\/p>\n","protected":false},"excerpt":{"rendered":"<p>Testing display of HTML elements This is 2nd level heading This is a test paragraph. This is 3rd level heading This is a test paragraph. This is 4th level heading This is a test paragraph. This is 5th level heading This is a test paragraph. This is 6th level heading This is a test paragraph. [&hellip;]<\/p>\n","protected":false},"author":1,"featured_media":0,"parent":0,"menu_order":0,"comment_status":"closed","ping_status":"open","template":"page-templates\/page-accueil.php","meta":{"footnotes":""},"class_list":["post-2","page","type-page","status-publish","hentry"],"yoast_head":"<!-- This site is optimized with the Yoast SEO plugin v15.5 - https:\/\/yoast.com\/wordpress\/plugins\/seo\/ -->\n<title>Concrete Pools - Val-Mar<\/title>\n<meta name=\"description\" content=\"Canadian leader in prestigious concrete aquatic facilities and pools in the residential, commercial and industrial sectors.\" \/>\n<meta name=\"robots\" content=\"index, follow, max-snippet:-1, max-image-preview:large, max-video-preview:-1\" \/>\n<link rel=\"canonical\" href=\"https:\/\/val-mar.com\/en\/\" \/>\n<meta property=\"og:locale\" content=\"en_US\" \/>\n<meta property=\"og:type\" content=\"article\" \/>\n<meta property=\"og:title\" content=\"Concrete Pools - Val-Mar\" \/>\n<meta property=\"og:description\" content=\"Canadian leader in prestigious concrete aquatic facilities and pools in the residential, commercial and industrial sectors.\" \/>\n<meta property=\"og:url\" content=\"https:\/\/val-mar.com\/en\/\" \/>\n<meta property=\"og:site_name\" content=\"Val-Mar\" \/>\n<meta property=\"article:modified_time\" content=\"2025-03-12T15:55:55+00:00\" \/>\n<meta name=\"twitter:card\" content=\"summary_large_image\" \/>\n<meta name=\"twitter:label1\" content=\"Est. reading time\">\n\t<meta name=\"twitter:data1\" content=\"3 minutes\">\n<script type=\"application\/ld+json\" class=\"yoast-schema-graph\">{\"@context\":\"https:\/\/schema.org\",\"@graph\":[{\"@type\":\"WebSite\",\"@id\":\"https:\/\/val-mar.com\/#website\",\"url\":\"https:\/\/val-mar.com\/\",\"name\":\"Val-Mar\",\"description\":\"\",\"potentialAction\":[{\"@type\":\"SearchAction\",\"target\":\"https:\/\/val-mar.com\/?s={search_term_string}\",\"query-input\":\"required name=search_term_string\"}],\"inLanguage\":\"en-US\"},{\"@type\":\"WebPage\",\"@id\":\"https:\/\/val-mar.com\/en\/#webpage\",\"url\":\"https:\/\/val-mar.com\/en\/\",\"name\":\"Concrete Pools - Val-Mar\",\"isPartOf\":{\"@id\":\"https:\/\/val-mar.com\/#website\"},\"datePublished\":\"2019-05-08T01:38:14+00:00\",\"dateModified\":\"2025-03-12T15:55:55+00:00\",\"description\":\"Canadian leader in prestigious concrete aquatic facilities and pools in the residential, commercial and industrial sectors.\",\"inLanguage\":\"en-US\",\"potentialAction\":[{\"@type\":\"ReadAction\",\"target\":[\"https:\/\/val-mar.com\/en\/\"]}]}]}<\/script>\n<!-- \/ Yoast SEO plugin. -->","_links":{"self":[{"href":"https:\/\/val-mar.com\/en\/wp-json\/wp\/v2\/pages\/2","targetHints":{"allow":["GET"]}}],"collection":[{"href":"https:\/\/val-mar.com\/en\/wp-json\/wp\/v2\/pages"}],"about":[{"href":"https:\/\/val-mar.com\/en\/wp-json\/wp\/v2\/types\/page"}],"author":[{"embeddable":true,"href":"https:\/\/val-mar.com\/en\/wp-json\/wp\/v2\/users\/1"}],"replies":[{"embeddable":true,"href":"https:\/\/val-mar.com\/en\/wp-json\/wp\/v2\/comments?post=2"}],"version-history":[{"count":0,"href":"https:\/\/val-mar.com\/en\/wp-json\/wp\/v2\/pages\/2\/revisions"}],"wp:attachment":[{"href":"https:\/\/val-mar.com\/en\/wp-json\/wp\/v2\/media?parent=2"}],"curies":[{"name":"wp","href":"https:\/\/api.w.org\/{rel}","templated":true}]}}